{"id":5157,"date":"2026-04-15T15:00:27","date_gmt":"2026-04-15T14:00:27","guid":{"rendered":"https:\/\/drakonidromele.it\/?post_type=product&#038;p=5157"},"modified":"2026-04-15T16:35:23","modified_gmt":"2026-04-15T15:35:23","slug":"drakon-breeze-metheglin-met-mit-holunderbluten-und-minze-copia","status":"publish","type":"product","link":"https:\/\/drakonidromele.it\/de\/prodotto\/drakon-breeze-metheglin-met-mit-holunderbluten-und-minze-copia\/","title":{"rendered":"Dr\u00e0kon Breeze Met &#8211; Geheimangebot!"},"content":{"rendered":"<p data-start=\"373\" data-end=\"434\"><span style=\"color: #000000;\">Wenn du \u00fcber die E-Mail hierher gelangt bist, ist dies dein exklusiver Preis. \u2192 Der Preis ist bereits angewendet.<\/span><br data-start=\"705\" data-end=\"708\"><span style=\"color: #000000;\">Kein Code erforderlich.<\/span><\/p>\n<p data-start=\"436\" data-end=\"509\"><span style=\"color: #000000;\">Es ist derselbe Breeze, den du auf der Website findest,<\/span><br data-start=\"474\" data-end=\"477\"><span style=\"color: #000000;\">nur dass du hier weniger zahlst.<\/span><br \/>\n<span style=\"color: #000000;\">Standardpreis: 16 \u20ac<\/span><br data-start=\"708\" data-end=\"711\"><span style=\"color: #000000;\">Preis \u00fcber diesen Link: <strong data-start=\"734\" data-end=\"741\">12 \u20ac<\/strong><\/span><\/p>\n<p><span style=\"color: #000000;\">Versand wird beim Checkout berechnet.<\/span><\/p>\n<ul>\n<li><span style=\"color: #000000;\">Alkoholgehalt: 11 % Vol<\/span><\/li>\n<li><span style=\"color: #000000;\">An einem k\u00fchlen und trockenen Ort, fern von W\u00e4rmequellen lagern. Nach dem \u00d6ffnen muss die Flasche verschlossen und<\/span><br \/>\n<span style=\"color: #000000;\">im K\u00fchlschrank aufbewahrt und innerhalb von maximal 3 Wochen nach dem \u00d6ffnen konsumiert werden<\/span><\/li>\n<\/ul>\n<p><span style=\"color: #999999;\">Hier findest du das Datenblatt der aktuellen Charge <a style=\"color: #999999;\" href=\"https:\/\/drakonidromele.it\/wp-content\/uploads\/2026\/03\/SCHEDA-TECNICA-BREEZE-BR0226.pdf\">TECHNISCHES DATENBLATT BREEZE BR0226<\/a><\/span><\/p>\n","protected":false},"excerpt":{"rendered":"<p class=\"p1\">Drakon Breeze Met &#8211; Geheimangebot!<\/p>\n","protected":false},"featured_media":5170,"template":"","meta":[],"product_brand":[],"product_cat":[115],"product_tag":[127,122,128],"class_list":{"0":"post-5157","1":"product","2":"type-product","3":"status-publish","4":"has-post-thumbnail","6":"product_cat-met","7":"product_tag-drakonbreeze","8":"product_tag-met","9":"product_tag-sus","10":"description-off","12":"first","13":"instock","14":"sale","15":"shipping-taxable","16":"purchasable","17":"product-type-simple"},"yoast_head":"<!-- This site is optimized with the Yoast SEO plugin v27.3 - https:\/\/yoast.com\/product\/yoast-seo-wordpress\/ -->\n<title>Breeze Met Holunderbl\u00fcten Drakon Idromele<\/title>\n<meta name=\"description\" content=\"Spezial-Met mit Holunderbl\u00fcten und Pfefferminze, frisch und s\u00fc\u00df. Drakon Idromele Dr\u00e0kon Breeze Met - Geheimangebot!\" \/>\n<meta name=\"robots\" content=\"index, follow, max-snippet:-1, max-image-preview:large, max-video-preview:-1\" \/>\n<link rel=\"canonical\" href=\"https:\/\/drakonidromele.it\/de\/prodotto\/drakon-breeze-metheglin-met-mit-holunderbluten-und-minze-copia\/\" \/>\n<meta property=\"og:locale\" content=\"de_DE\" \/>\n<meta property=\"og:type\" content=\"article\" \/>\n<meta property=\"og:title\" content=\"Breeze Met Holunderbl\u00fcten Drakon Idromele\" \/>\n<meta property=\"og:description\" content=\"Spezial-Met mit Holunderbl\u00fcten und Pfefferminze, frisch und s\u00fc\u00df. Drakon Idromele Dr\u00e0kon Breeze Met - Geheimangebot!\" \/>\n<meta property=\"og:url\" content=\"https:\/\/drakonidromele.it\/de\/prodotto\/drakon-breeze-metheglin-met-mit-holunderbluten-und-minze-copia\/\" \/>\n<meta property=\"og:site_name\" content=\"Drakon Idromele\" \/>\n<meta property=\"article:modified_time\" content=\"2026-04-15T15:35:23+00:00\" \/>\n<meta property=\"og:image\" content=\"https:\/\/drakonidromele.it\/wp-content\/uploads\/2026\/04\/MEITU_20260324_095044833.jpg\" \/>\n\t<meta property=\"og:image:width\" content=\"2048\" \/>\n\t<meta property=\"og:image:height\" content=\"2048\" \/>\n\t<meta property=\"og:image:type\" content=\"image\/jpeg\" \/>\n<meta name=\"twitter:card\" content=\"summary_large_image\" \/>\n<script type=\"application\/ld+json\" class=\"yoast-schema-graph\">{\"@context\":\"https:\\\/\\\/schema.org\",\"@graph\":[{\"@type\":\"WebPage\",\"@id\":\"https:\\\/\\\/drakonidromele.it\\\/de\\\/prodotto\\\/drakon-breeze-metheglin-met-mit-holunderbluten-und-minze-copia\\\/\",\"url\":\"https:\\\/\\\/drakonidromele.it\\\/de\\\/prodotto\\\/drakon-breeze-metheglin-met-mit-holunderbluten-und-minze-copia\\\/\",\"name\":\"Breeze Met Holunderbl\u00fcten Drakon Idromele\",\"isPartOf\":{\"@id\":\"https:\\\/\\\/drakonidromele.it\\\/de\\\/#website\"},\"primaryImageOfPage\":{\"@id\":\"https:\\\/\\\/drakonidromele.it\\\/de\\\/prodotto\\\/drakon-breeze-metheglin-met-mit-holunderbluten-und-minze-copia\\\/#primaryimage\"},\"image\":{\"@id\":\"https:\\\/\\\/drakonidromele.it\\\/de\\\/prodotto\\\/drakon-breeze-metheglin-met-mit-holunderbluten-und-minze-copia\\\/#primaryimage\"},\"thumbnailUrl\":\"https:\\\/\\\/drakonidromele.it\\\/wp-content\\\/uploads\\\/2026\\\/04\\\/MEITU_20260324_095044833.jpg\",\"datePublished\":\"2026-04-15T14:00:27+00:00\",\"dateModified\":\"2026-04-15T15:35:23+00:00\",\"description\":\"Spezial-Met mit Holunderbl\u00fcten und Pfefferminze, frisch und s\u00fc\u00df. Drakon Idromele Dr\u00e0kon Breeze Met - Geheimangebot!\",\"breadcrumb\":{\"@id\":\"https:\\\/\\\/drakonidromele.it\\\/de\\\/prodotto\\\/drakon-breeze-metheglin-met-mit-holunderbluten-und-minze-copia\\\/#breadcrumb\"},\"inLanguage\":\"de\",\"potentialAction\":[{\"@type\":\"ReadAction\",\"target\":[\"https:\\\/\\\/drakonidromele.it\\\/de\\\/prodotto\\\/drakon-breeze-metheglin-met-mit-holunderbluten-und-minze-copia\\\/\"]}]},{\"@type\":\"ImageObject\",\"inLanguage\":\"de\",\"@id\":\"https:\\\/\\\/drakonidromele.it\\\/de\\\/prodotto\\\/drakon-breeze-metheglin-met-mit-holunderbluten-und-minze-copia\\\/#primaryimage\",\"url\":\"https:\\\/\\\/drakonidromele.it\\\/wp-content\\\/uploads\\\/2026\\\/04\\\/MEITU_20260324_095044833.jpg\",\"contentUrl\":\"https:\\\/\\\/drakonidromele.it\\\/wp-content\\\/uploads\\\/2026\\\/04\\\/MEITU_20260324_095044833.jpg\",\"width\":2048,\"height\":2048},{\"@type\":\"BreadcrumbList\",\"@id\":\"https:\\\/\\\/drakonidromele.it\\\/de\\\/prodotto\\\/drakon-breeze-metheglin-met-mit-holunderbluten-und-minze-copia\\\/#breadcrumb\",\"itemListElement\":[{\"@type\":\"ListItem\",\"position\":1,\"name\":\"Home\",\"item\":\"https:\\\/\\\/drakonidromele.it\\\/de\\\/?page_id=4977\"},{\"@type\":\"ListItem\",\"position\":2,\"name\":\"Shop\",\"item\":\"https:\\\/\\\/drakonidromele.it\\\/de\\\/shop\\\/\"},{\"@type\":\"ListItem\",\"position\":3,\"name\":\"Dr\u00e0kon Breeze Met &#8211; Geheimangebot!\"}]},{\"@type\":\"WebSite\",\"@id\":\"https:\\\/\\\/drakonidromele.it\\\/de\\\/#website\",\"url\":\"https:\\\/\\\/drakonidromele.it\\\/de\\\/\",\"name\":\"Drakon Idromele\",\"description\":\"Il nettare del Drago\",\"potentialAction\":[{\"@type\":\"SearchAction\",\"target\":{\"@type\":\"EntryPoint\",\"urlTemplate\":\"https:\\\/\\\/drakonidromele.it\\\/de\\\/?s={search_term_string}\"},\"query-input\":{\"@type\":\"PropertyValueSpecification\",\"valueRequired\":true,\"valueName\":\"search_term_string\"}}],\"inLanguage\":\"de\"}]}<\/script>\n<!-- \/ Yoast SEO plugin. -->","yoast_head_json":{"title":"Breeze Met Holunderbl\u00fcten Drakon Idromele","description":"Spezial-Met mit Holunderbl\u00fcten und Pfefferminze, frisch und s\u00fc\u00df. Drakon Idromele Dr\u00e0kon Breeze Met - Geheimangebot!","robots":{"index":"index","follow":"follow","max-snippet":"max-snippet:-1","max-image-preview":"max-image-preview:large","max-video-preview":"max-video-preview:-1"},"canonical":"https:\/\/drakonidromele.it\/de\/prodotto\/drakon-breeze-metheglin-met-mit-holunderbluten-und-minze-copia\/","og_locale":"de_DE","og_type":"article","og_title":"Breeze Met Holunderbl\u00fcten Drakon Idromele","og_description":"Spezial-Met mit Holunderbl\u00fcten und Pfefferminze, frisch und s\u00fc\u00df. Drakon Idromele Dr\u00e0kon Breeze Met - Geheimangebot!","og_url":"https:\/\/drakonidromele.it\/de\/prodotto\/drakon-breeze-metheglin-met-mit-holunderbluten-und-minze-copia\/","og_site_name":"Drakon Idromele","article_modified_time":"2026-04-15T15:35:23+00:00","og_image":[{"width":2048,"height":2048,"url":"https:\/\/drakonidromele.it\/wp-content\/uploads\/2026\/04\/MEITU_20260324_095044833.jpg","type":"image\/jpeg"}],"twitter_card":"summary_large_image","schema":{"@context":"https:\/\/schema.org","@graph":[{"@type":"WebPage","@id":"https:\/\/drakonidromele.it\/de\/prodotto\/drakon-breeze-metheglin-met-mit-holunderbluten-und-minze-copia\/","url":"https:\/\/drakonidromele.it\/de\/prodotto\/drakon-breeze-metheglin-met-mit-holunderbluten-und-minze-copia\/","name":"Breeze Met Holunderbl\u00fcten Drakon Idromele","isPartOf":{"@id":"https:\/\/drakonidromele.it\/de\/#website"},"primaryImageOfPage":{"@id":"https:\/\/drakonidromele.it\/de\/prodotto\/drakon-breeze-metheglin-met-mit-holunderbluten-und-minze-copia\/#primaryimage"},"image":{"@id":"https:\/\/drakonidromele.it\/de\/prodotto\/drakon-breeze-metheglin-met-mit-holunderbluten-und-minze-copia\/#primaryimage"},"thumbnailUrl":"https:\/\/drakonidromele.it\/wp-content\/uploads\/2026\/04\/MEITU_20260324_095044833.jpg","datePublished":"2026-04-15T14:00:27+00:00","dateModified":"2026-04-15T15:35:23+00:00","description":"Spezial-Met mit Holunderbl\u00fcten und Pfefferminze, frisch und s\u00fc\u00df. Drakon Idromele Dr\u00e0kon Breeze Met - Geheimangebot!","breadcrumb":{"@id":"https:\/\/drakonidromele.it\/de\/prodotto\/drakon-breeze-metheglin-met-mit-holunderbluten-und-minze-copia\/#breadcrumb"},"inLanguage":"de","potentialAction":[{"@type":"ReadAction","target":["https:\/\/drakonidromele.it\/de\/prodotto\/drakon-breeze-metheglin-met-mit-holunderbluten-und-minze-copia\/"]}]},{"@type":"ImageObject","inLanguage":"de","@id":"https:\/\/drakonidromele.it\/de\/prodotto\/drakon-breeze-metheglin-met-mit-holunderbluten-und-minze-copia\/#primaryimage","url":"https:\/\/drakonidromele.it\/wp-content\/uploads\/2026\/04\/MEITU_20260324_095044833.jpg","contentUrl":"https:\/\/drakonidromele.it\/wp-content\/uploads\/2026\/04\/MEITU_20260324_095044833.jpg","width":2048,"height":2048},{"@type":"BreadcrumbList","@id":"https:\/\/drakonidromele.it\/de\/prodotto\/drakon-breeze-metheglin-met-mit-holunderbluten-und-minze-copia\/#breadcrumb","itemListElement":[{"@type":"ListItem","position":1,"name":"Home","item":"https:\/\/drakonidromele.it\/de\/?page_id=4977"},{"@type":"ListItem","position":2,"name":"Shop","item":"https:\/\/drakonidromele.it\/de\/shop\/"},{"@type":"ListItem","position":3,"name":"Dr\u00e0kon Breeze Met &#8211; Geheimangebot!"}]},{"@type":"WebSite","@id":"https:\/\/drakonidromele.it\/de\/#website","url":"https:\/\/drakonidromele.it\/de\/","name":"Drakon Idromele","description":"Il nettare del Drago","potentialAction":[{"@type":"SearchAction","target":{"@type":"EntryPoint","urlTemplate":"https:\/\/drakonidromele.it\/de\/?s={search_term_string}"},"query-input":{"@type":"PropertyValueSpecification","valueRequired":true,"valueName":"search_term_string"}}],"inLanguage":"de"}]}},"_links":{"self":[{"href":"https:\/\/drakonidromele.it\/de\/wp-json\/wp\/v2\/product\/5157","targetHints":{"allow":["GET"]}}],"collection":[{"href":"https:\/\/drakonidromele.it\/de\/wp-json\/wp\/v2\/product"}],"about":[{"href":"https:\/\/drakonidromele.it\/de\/wp-json\/wp\/v2\/types\/product"}],"wp:featuredmedia":[{"embeddable":true,"href":"https:\/\/drakonidromele.it\/de\/wp-json\/wp\/v2\/media\/5170"}],"wp:attachment":[{"href":"https:\/\/drakonidromele.it\/de\/wp-json\/wp\/v2\/media?parent=5157"}],"wp:term":[{"taxonomy":"product_brand","embeddable":true,"href":"https:\/\/drakonidromele.it\/de\/wp-json\/wp\/v2\/product_brand?post=5157"},{"taxonomy":"product_cat","embeddable":true,"href":"https:\/\/drakonidromele.it\/de\/wp-json\/wp\/v2\/product_cat?post=5157"},{"taxonomy":"product_tag","embeddable":true,"href":"https:\/\/drakonidromele.it\/de\/wp-json\/wp\/v2\/product_tag?post=5157"}],"curies":[{"name":"wp","href":"https:\/\/api.w.org\/{rel}","templated":true}]}}