{"id":5113,"date":"2026-04-01T15:01:09","date_gmt":"2026-04-01T14:01:09","guid":{"rendered":"https:\/\/drakonidromele.it\/?post_type=product&#038;p=5113"},"modified":"2026-04-02T15:04:28","modified_gmt":"2026-04-02T14:04:28","slug":"drakon-liebestrank-copia","status":"publish","type":"product","link":"https:\/\/drakonidromele.it\/de\/prodotto\/drakon-liebestrank-copia\/","title":{"rendered":"Bag In Boobs Met"},"content":{"rendered":"<h3><span style=\"color: #000000;\">\ud83c\udf6f Bag in Boobs\u2122 Met Gold<\/span><\/h3>\n<p><span style=\"color: #000000;\">Ein au\u00dfergew\u00f6hnliches Artefakt, geschaffen um zu verbl\u00fcffen.<\/span><br \/>\n<span style=\"color: #000000;\">Unser handgemachter Met trifft auf ein ironisches und provokantes Format, das jede Gelegenheit in etwas Unvergessliches verwandelt.<\/span><\/p>\n<p><span style=\"color: #000000;\">Weich, umh\u00fcllend und unglaublich angenehm im Schluck, vereint er den ganzen Charakter des Honigs in einer\u2026 ausgesprochen ungew\u00f6hnlichen H\u00fclle.<\/span><\/p>\n<p><span style=\"color: #000000;\">Dieser Artikel ist ein Aprilscherz. Wenn du ihn bestellst, erh\u00e4ltst du eine regul\u00e4re Bag in Box Met Gold 5 Liter zu einem mehr als besonderen Preis!<\/span><\/p>\n<ul>\n<li><span style=\"color: #000000;\">K\u00fchl und trocken lagern, vor Hitze sch\u00fctzen. Die ge\u00f6ffnete Flasche verschlossen<\/span><br \/>\n<span style=\"color: #000000;\"> im K\u00fchlschrank aufbewahren und innerhalb von maximal 3 Wochen verbrauchen.<\/span><\/li>\n<li><span style=\"color: #000000;\">Bag in Box 5 Liter Gold<\/span><\/li>\n<\/ul>\n","protected":false},"excerpt":{"rendered":"<blockquote>\n<p class=\"p1\">Met Gold in Bag in Box 5 Liter in einem ausgesprochen besonderen Format<\/p>\n<\/blockquote>\n","protected":false},"featured_media":5129,"template":"","meta":[],"product_brand":[],"product_cat":[],"product_tag":[],"class_list":{"0":"post-5113","1":"product","2":"type-product","3":"status-publish","4":"has-post-thumbnail","6":"description-off","8":"first","9":"instock","10":"sale","11":"shipping-taxable","12":"purchasable","13":"product-type-variable"},"yoast_head":"<!-- This site is optimized with the Yoast SEO plugin v27.3 - https:\/\/yoast.com\/product\/yoast-seo-wordpress\/ -->\n<title>Drakon Idromele Bag in Boobs 5 Liter<\/title>\n<meta name=\"description\" content=\"Met Gold im 5-Liter-Format zu einem absurden Preis, mit ebenso absurder Verpackung, um mit Freunden in diesen schweren Zeiten zu lachen\" \/>\n<meta name=\"robots\" content=\"index, follow, max-snippet:-1, max-image-preview:large, max-video-preview:-1\" \/>\n<link rel=\"canonical\" href=\"https:\/\/drakonidromele.it\/de\/prodotto\/drakon-liebestrank-copia\/\" \/>\n<meta property=\"og:locale\" content=\"de_DE\" \/>\n<meta property=\"og:type\" content=\"article\" \/>\n<meta property=\"og:title\" content=\"Drakon Idromele Bag in Boobs 5 Liter\" \/>\n<meta property=\"og:description\" content=\"Met Gold im 5-Liter-Format zu einem absurden Preis, mit ebenso absurder Verpackung, um mit Freunden in diesen schweren Zeiten zu lachen\" \/>\n<meta property=\"og:url\" content=\"https:\/\/drakonidromele.it\/de\/prodotto\/drakon-liebestrank-copia\/\" \/>\n<meta property=\"og:site_name\" content=\"Drakon Idromele\" \/>\n<meta property=\"article:modified_time\" content=\"2026-04-02T14:04:28+00:00\" \/>\n<meta property=\"og:image\" content=\"https:\/\/drakonidromele.it\/wp-content\/uploads\/2026\/04\/MEITU_20260401_150719272.jpg\" \/>\n\t<meta property=\"og:image:width\" content=\"1024\" \/>\n\t<meta property=\"og:image:height\" content=\"1536\" \/>\n\t<meta property=\"og:image:type\" content=\"image\/jpeg\" \/>\n<meta name=\"twitter:card\" content=\"summary_large_image\" \/>\n<meta name=\"twitter:label1\" content=\"Gesch\u00e4tzte Lesezeit\" \/>\n\t<meta name=\"twitter:data1\" content=\"1\u00a0Minute\" \/>\n<script type=\"application\/ld+json\" class=\"yoast-schema-graph\">{\"@context\":\"https:\\\/\\\/schema.org\",\"@graph\":[{\"@type\":\"WebPage\",\"@id\":\"https:\\\/\\\/drakonidromele.it\\\/de\\\/prodotto\\\/drakon-liebestrank-copia\\\/\",\"url\":\"https:\\\/\\\/drakonidromele.it\\\/de\\\/prodotto\\\/drakon-liebestrank-copia\\\/\",\"name\":\"Drakon Idromele Bag in Boobs 5 Liter\",\"isPartOf\":{\"@id\":\"https:\\\/\\\/drakonidromele.it\\\/de\\\/#website\"},\"primaryImageOfPage\":{\"@id\":\"https:\\\/\\\/drakonidromele.it\\\/de\\\/prodotto\\\/drakon-liebestrank-copia\\\/#primaryimage\"},\"image\":{\"@id\":\"https:\\\/\\\/drakonidromele.it\\\/de\\\/prodotto\\\/drakon-liebestrank-copia\\\/#primaryimage\"},\"thumbnailUrl\":\"https:\\\/\\\/drakonidromele.it\\\/wp-content\\\/uploads\\\/2026\\\/04\\\/MEITU_20260401_150719272.jpg\",\"datePublished\":\"2026-04-01T14:01:09+00:00\",\"dateModified\":\"2026-04-02T14:04:28+00:00\",\"description\":\"Met Gold im 5-Liter-Format zu einem absurden Preis, mit ebenso absurder Verpackung, um mit Freunden in diesen schweren Zeiten zu lachen\",\"breadcrumb\":{\"@id\":\"https:\\\/\\\/drakonidromele.it\\\/de\\\/prodotto\\\/drakon-liebestrank-copia\\\/#breadcrumb\"},\"inLanguage\":\"de\",\"potentialAction\":[{\"@type\":\"ReadAction\",\"target\":[\"https:\\\/\\\/drakonidromele.it\\\/de\\\/prodotto\\\/drakon-liebestrank-copia\\\/\"]}]},{\"@type\":\"ImageObject\",\"inLanguage\":\"de\",\"@id\":\"https:\\\/\\\/drakonidromele.it\\\/de\\\/prodotto\\\/drakon-liebestrank-copia\\\/#primaryimage\",\"url\":\"https:\\\/\\\/drakonidromele.it\\\/wp-content\\\/uploads\\\/2026\\\/04\\\/MEITU_20260401_150719272.jpg\",\"contentUrl\":\"https:\\\/\\\/drakonidromele.it\\\/wp-content\\\/uploads\\\/2026\\\/04\\\/MEITU_20260401_150719272.jpg\",\"width\":1024,\"height\":1536},{\"@type\":\"BreadcrumbList\",\"@id\":\"https:\\\/\\\/drakonidromele.it\\\/de\\\/prodotto\\\/drakon-liebestrank-copia\\\/#breadcrumb\",\"itemListElement\":[{\"@type\":\"ListItem\",\"position\":1,\"name\":\"Home\",\"item\":\"https:\\\/\\\/drakonidromele.it\\\/de\\\/?page_id=4977\"},{\"@type\":\"ListItem\",\"position\":2,\"name\":\"Shop\",\"item\":\"https:\\\/\\\/drakonidromele.it\\\/de\\\/shop\\\/\"},{\"@type\":\"ListItem\",\"position\":3,\"name\":\"Bag In Boobs Met\"}]},{\"@type\":\"WebSite\",\"@id\":\"https:\\\/\\\/drakonidromele.it\\\/de\\\/#website\",\"url\":\"https:\\\/\\\/drakonidromele.it\\\/de\\\/\",\"name\":\"Drakon Idromele\",\"description\":\"Il nettare del Drago\",\"potentialAction\":[{\"@type\":\"SearchAction\",\"target\":{\"@type\":\"EntryPoint\",\"urlTemplate\":\"https:\\\/\\\/drakonidromele.it\\\/de\\\/?s={search_term_string}\"},\"query-input\":{\"@type\":\"PropertyValueSpecification\",\"valueRequired\":true,\"valueName\":\"search_term_string\"}}],\"inLanguage\":\"de\"}]}<\/script>\n<!-- \/ Yoast SEO plugin. -->","yoast_head_json":{"title":"Drakon Idromele Bag in Boobs 5 Liter","description":"Met Gold im 5-Liter-Format zu einem absurden Preis, mit ebenso absurder Verpackung, um mit Freunden in diesen schweren Zeiten zu lachen","robots":{"index":"index","follow":"follow","max-snippet":"max-snippet:-1","max-image-preview":"max-image-preview:large","max-video-preview":"max-video-preview:-1"},"canonical":"https:\/\/drakonidromele.it\/de\/prodotto\/drakon-liebestrank-copia\/","og_locale":"de_DE","og_type":"article","og_title":"Drakon Idromele Bag in Boobs 5 Liter","og_description":"Met Gold im 5-Liter-Format zu einem absurden Preis, mit ebenso absurder Verpackung, um mit Freunden in diesen schweren Zeiten zu lachen","og_url":"https:\/\/drakonidromele.it\/de\/prodotto\/drakon-liebestrank-copia\/","og_site_name":"Drakon Idromele","article_modified_time":"2026-04-02T14:04:28+00:00","og_image":[{"width":1024,"height":1536,"url":"https:\/\/drakonidromele.it\/wp-content\/uploads\/2026\/04\/MEITU_20260401_150719272.jpg","type":"image\/jpeg"}],"twitter_card":"summary_large_image","twitter_misc":{"Gesch\u00e4tzte Lesezeit":"1\u00a0Minute"},"schema":{"@context":"https:\/\/schema.org","@graph":[{"@type":"WebPage","@id":"https:\/\/drakonidromele.it\/de\/prodotto\/drakon-liebestrank-copia\/","url":"https:\/\/drakonidromele.it\/de\/prodotto\/drakon-liebestrank-copia\/","name":"Drakon Idromele Bag in Boobs 5 Liter","isPartOf":{"@id":"https:\/\/drakonidromele.it\/de\/#website"},"primaryImageOfPage":{"@id":"https:\/\/drakonidromele.it\/de\/prodotto\/drakon-liebestrank-copia\/#primaryimage"},"image":{"@id":"https:\/\/drakonidromele.it\/de\/prodotto\/drakon-liebestrank-copia\/#primaryimage"},"thumbnailUrl":"https:\/\/drakonidromele.it\/wp-content\/uploads\/2026\/04\/MEITU_20260401_150719272.jpg","datePublished":"2026-04-01T14:01:09+00:00","dateModified":"2026-04-02T14:04:28+00:00","description":"Met Gold im 5-Liter-Format zu einem absurden Preis, mit ebenso absurder Verpackung, um mit Freunden in diesen schweren Zeiten zu lachen","breadcrumb":{"@id":"https:\/\/drakonidromele.it\/de\/prodotto\/drakon-liebestrank-copia\/#breadcrumb"},"inLanguage":"de","potentialAction":[{"@type":"ReadAction","target":["https:\/\/drakonidromele.it\/de\/prodotto\/drakon-liebestrank-copia\/"]}]},{"@type":"ImageObject","inLanguage":"de","@id":"https:\/\/drakonidromele.it\/de\/prodotto\/drakon-liebestrank-copia\/#primaryimage","url":"https:\/\/drakonidromele.it\/wp-content\/uploads\/2026\/04\/MEITU_20260401_150719272.jpg","contentUrl":"https:\/\/drakonidromele.it\/wp-content\/uploads\/2026\/04\/MEITU_20260401_150719272.jpg","width":1024,"height":1536},{"@type":"BreadcrumbList","@id":"https:\/\/drakonidromele.it\/de\/prodotto\/drakon-liebestrank-copia\/#breadcrumb","itemListElement":[{"@type":"ListItem","position":1,"name":"Home","item":"https:\/\/drakonidromele.it\/de\/?page_id=4977"},{"@type":"ListItem","position":2,"name":"Shop","item":"https:\/\/drakonidromele.it\/de\/shop\/"},{"@type":"ListItem","position":3,"name":"Bag In Boobs Met"}]},{"@type":"WebSite","@id":"https:\/\/drakonidromele.it\/de\/#website","url":"https:\/\/drakonidromele.it\/de\/","name":"Drakon Idromele","description":"Il nettare del Drago","potentialAction":[{"@type":"SearchAction","target":{"@type":"EntryPoint","urlTemplate":"https:\/\/drakonidromele.it\/de\/?s={search_term_string}"},"query-input":{"@type":"PropertyValueSpecification","valueRequired":true,"valueName":"search_term_string"}}],"inLanguage":"de"}]}},"_links":{"self":[{"href":"https:\/\/drakonidromele.it\/de\/wp-json\/wp\/v2\/product\/5113","targetHints":{"allow":["GET"]}}],"collection":[{"href":"https:\/\/drakonidromele.it\/de\/wp-json\/wp\/v2\/product"}],"about":[{"href":"https:\/\/drakonidromele.it\/de\/wp-json\/wp\/v2\/types\/product"}],"wp:featuredmedia":[{"embeddable":true,"href":"https:\/\/drakonidromele.it\/de\/wp-json\/wp\/v2\/media\/5129"}],"wp:attachment":[{"href":"https:\/\/drakonidromele.it\/de\/wp-json\/wp\/v2\/media?parent=5113"}],"wp:term":[{"taxonomy":"product_brand","embeddable":true,"href":"https:\/\/drakonidromele.it\/de\/wp-json\/wp\/v2\/product_brand?post=5113"},{"taxonomy":"product_cat","embeddable":true,"href":"https:\/\/drakonidromele.it\/de\/wp-json\/wp\/v2\/product_cat?post=5113"},{"taxonomy":"product_tag","embeddable":true,"href":"https:\/\/drakonidromele.it\/de\/wp-json\/wp\/v2\/product_tag?post=5113"}],"curies":[{"name":"wp","href":"https:\/\/api.w.org\/{rel}","templated":true}]}}